{"id":601,"date":"2024-05-10T17:52:19","date_gmt":"2024-05-10T15:52:19","guid":{"rendered":"https:\/\/breizh-ty-geek.fr\/?page_id=601"},"modified":"2025-05-08T16:56:03","modified_gmt":"2025-05-08T14:56:03","slug":"breizh-ty-geek-iii","status":"publish","type":"page","link":"https:\/\/breizh-ty-geek.fr\/index.php\/breizh-ty-geek-iii\/","title":{"rendered":"Breizh Ty Geek III : Plongez dans l&rsquo;univers captivant de la culture geek !"},"content":{"rendered":"<div class=\"flex flex-grow flex-col max-w-full\">\n<div class=\"min-h-[20px] text-message flex flex-col items-start whitespace-pre-wrap break-words [.text-message+&amp;]:mt-5 juice:w-full juice:items-end overflow-x-auto gap-3\" dir=\"auto\" data-message-author-role=\"assistant\" data-message-id=\"37d33a7a-1059-4581-99b2-201379b94cc3\">\n<div class=\"markdown prose w-full break-words dark:prose-invert dark\">\n<p>Le Breizh Ty Geek III revient en force pour sa deuxi\u00e8me \u00e9dition les 7 et 8 juin prochains au Relecq-Kerhuon, pr\u00e8s de Brest. Organis\u00e9 par l\u2019association GG-LAN et la ville du Relecq-Kerhuon, cet \u00e9v\u00e9nement promet une exp\u00e9rience immersive et inoubliable pour tous les passionn\u00e9s de la culture geek.<\/p>\n<h3>Un Rassemblement Unique<\/h3>\n<p>Breizh Ty Geek\u00a0 est bien plus qu\u2019un simple \u00e9v\u00e9nement : c\u2019est un rendez-vous incontournable pour tous les amateurs de la culture geek. Que ce soit pour les fans de jeux vid\u00e9o, de science-fiction, de cosplay, d\u2019impression 3D, de robotique ou encore de logiciels libres, chacun trouvera son bonheur parmi une vari\u00e9t\u00e9 d\u2019activit\u00e9s passionnantes.<\/p>\n<h3>D\u00e9couvertes Technologiques<\/h3>\n<p>Les participants pourront plonger dans le monde fascinant de la technologie gr\u00e2ce \u00e0 des d\u00e9monstrations d\u2019impression 3D, de robotique, d\u2019\u00e9lectronique et d\u2019informatique. Ils auront l\u2019opportunit\u00e9 de d\u00e9couvrir les derni\u00e8res avanc\u00e9es et de participer \u00e0 des ateliers interactifs pour d\u00e9velopper leurs comp\u00e9tences.<\/p>\n<h3>Culture Pop et Divertissement<\/h3>\n<p>Breizh Ty Geek c\u00e9l\u00e8bre \u00e9galement la culture populaire \u00e0 travers des expositions, des conf\u00e9rences et des animations d\u00e9di\u00e9es aux jeux vid\u00e9o, \u00e0 la science-fiction et au cosplay. Les visiteurs pourront rencontrer des cr\u00e9ateurs, des cosplayers et des experts qui partageront leur passion et leurs connaissances.<\/p>\n<h3>Un \u00c9v\u00e9nement pour Tous<\/h3>\n<p>Que l\u2019on soit un joueur chevronn\u00e9, un amateur de science-fiction ou simplement curieux de d\u00e9couvrir de nouvelles technologies, Breizh Ty Geek est ouvert \u00e0 tous. Il est possible de venir seul, en famille ou entre amis pour vivre deux jours d\u2019aventures et de d\u00e9couvertes au c\u0153ur de la culture geek.<\/p>\n<h3>Contenu sur les Deux Jours<\/h3>\n<p>&nbsp;<\/p>\n<h4>Stands en Animations<\/h4>\n<p>Pour rendre les stands plus interactifs et immersifs, les exposants ont \u00e9t\u00e9 encourag\u00e9s \u00e0 animer leur espace. Les visiteurs pourront ainsi mieux partager les passions des exposants. Parmi les activit\u00e9s propos\u00e9es, il y aura des initiations \u00e0 l&rsquo;\u00e9lectronique, au fusain, au dessin manga, \u00e0 la peinture sur plexiglas, ainsi que des d\u00e9monstrations de dessin sur Krita, Blender, Photoshop, et des ateliers de fabrication de bijoux.<\/p>\n<p>&nbsp;<\/p>\n<h3>Informations Pratiques<\/h3>\n<ul>\n<li><strong>Dates<\/strong> : 7 et 8 juin 2025<\/li>\n<li><strong>Horaires<\/strong> : Samedi 10h-19h, Dimanche 10h-18h<\/li>\n<li><strong>Lieu<\/strong> : Salle \u00ab Astrolabe \u00bb, Centre Social Jacolot, M\u00e9diath\u00e8que du Relecq-Kerhuon<\/li>\n<li><strong>Entr\u00e9e<\/strong> : Gratuite<\/li>\n<\/ul>\n<p>Ne manquez pas cette opportunit\u00e9 exceptionnelle de plonger dans l\u2019univers fascinant de la culture geek au Breizh Ty Geek III !<\/p>\n<\/div>\n<\/div>\n<\/div>\n<p>&nbsp;<\/p>\n<p>nous contacter : gglan[at]framagroupes.org<\/p>\n","protected":false},"excerpt":{"rendered":"<p>Le Breizh Ty Geek III revient en force pour sa deuxi\u00e8me \u00e9dition les 7 et 8 juin prochains au Relecq-Kerhuon, pr\u00e8s de Brest. Organis\u00e9 par l\u2019association GG-LAN et la ville du Relecq-Kerhuon, cet \u00e9v\u00e9nement promet une exp\u00e9rience immersive et inoubliable pour tous les passionn\u00e9s de la culture geek. Un Rassemblement Unique Breizh Ty Geek\u00a0 est<a class=\"more-link\" href=\"https:\/\/breizh-ty-geek.fr\/index.php\/breizh-ty-geek-iii\/\">Lire la suite <span class=\"meta-nav\">&rarr;<\/span><\/a><\/p>\n","protected":false},"author":1,"featured_media":0,"parent":0,"menu_order":0,"comment_status":"closed","ping_status":"closed","template":"","meta":{"footnotes":""},"class_list":["post-601","page","type-page","status-publish","hentry"],"_links":{"self":[{"href":"https:\/\/breizh-ty-geek.fr\/index.php\/wp-json\/wp\/v2\/pages\/601","targetHints":{"allow":["GET"]}}],"collection":[{"href":"https:\/\/breizh-ty-geek.fr\/index.php\/wp-json\/wp\/v2\/pages"}],"about":[{"href":"https:\/\/breizh-ty-geek.fr\/index.php\/wp-json\/wp\/v2\/types\/page"}],"author":[{"embeddable":true,"href":"https:\/\/breizh-ty-geek.fr\/index.php\/wp-json\/wp\/v2\/users\/1"}],"replies":[{"embeddable":true,"href":"https:\/\/breizh-ty-geek.fr\/index.php\/wp-json\/wp\/v2\/comments?post=601"}],"version-history":[{"count":11,"href":"https:\/\/breizh-ty-geek.fr\/index.php\/wp-json\/wp\/v2\/pages\/601\/revisions"}],"predecessor-version":[{"id":940,"href":"https:\/\/breizh-ty-geek.fr\/index.php\/wp-json\/wp\/v2\/pages\/601\/revisions\/940"}],"wp:attachment":[{"href":"https:\/\/breizh-ty-geek.fr\/index.php\/wp-json\/wp\/v2\/media?parent=601"}],"curies":[{"name":"wp","href":"https:\/\/api.w.org\/{rel}","templated":true}]}}