{"id":70,"date":"2023-03-15T15:26:34","date_gmt":"2023-03-15T14:26:34","guid":{"rendered":"https:\/\/breizh-ty-geek.fr\/?page_id=70"},"modified":"2025-05-26T20:00:28","modified_gmt":"2025-05-26T18:00:28","slug":"programmes","status":"publish","type":"page","link":"https:\/\/breizh-ty-geek.fr\/index.php\/programmes\/","title":{"rendered":"Programme"},"content":{"rendered":"<p data-start=\"59\" data-end=\"122\">\ud83c\udf89 <strong data-start=\"62\" data-end=\"81\">Entr\u00e9e gratuite<\/strong> \u2013 \ud83c\udf54 <strong data-start=\"87\" data-end=\"122\">Stand de restauration sur place<\/strong><\/p>\r\n<h3 data-start=\"124\" data-end=\"150\"><strong data-start=\"128\" data-end=\"150\">Samedi 7 juin 2025<\/strong><\/h3>\r\n<ul data-start=\"152\" data-end=\"464\">\r\n<li data-start=\"152\" data-end=\"188\">\r\n<p data-start=\"154\" data-end=\"188\"><strong data-start=\"154\" data-end=\"163\">10h00<\/strong> \u2013 Ouverture des portes<\/p>\r\n<\/li>\r\n<li data-start=\"189\" data-end=\"267\">\r\n<p data-start=\"191\" data-end=\"267\"><strong data-start=\"191\" data-end=\"200\">11h00<\/strong> \u2013 D\u00e9monstration d\u2019A\u00efkido par l\u2019association <strong data-start=\"244\" data-end=\"265\">Shun Fu Kan &#8211; LRK<\/strong><\/p>\r\n<\/li>\r\n<li data-start=\"268\" data-end=\"355\">\r\n<p data-start=\"270\" data-end=\"355\"><strong data-start=\"270\" data-end=\"279\">14h30<\/strong> \u2013 Table ronde avec les auteurs, anim\u00e9e par l\u2019association <strong data-start=\"337\" data-end=\"353\">29eme Dimension<\/strong><\/p>\r\n<\/li>\r\n<li data-start=\"356\" data-end=\"426\">\r\n<p data-start=\"358\" data-end=\"426\"><strong data-start=\"358\" data-end=\"367\">16h00<\/strong> \u2013 D\u00e9fil\u00e9 cosplay anim\u00e9 par l\u2019association <strong data-start=\"409\" data-end=\"424\">West Heroes<\/strong><\/p>\r\n<\/li>\r\n<li data-start=\"427\" data-end=\"464\">\r\n<p data-start=\"429\" data-end=\"464\"><strong data-start=\"429\" data-end=\"438\">19h00<\/strong> \u2013 Fermeture de la journ\u00e9e<\/p>\r\n<\/li>\r\n<\/ul>\r\n<hr data-start=\"466\" data-end=\"469\" \/>\r\n<h3 data-start=\"471\" data-end=\"499\"><strong data-start=\"475\" data-end=\"499\">Dimanche 8 juin 2025<\/strong><\/h3>\r\n<ul data-start=\"501\" data-end=\"834\">\r\n<li data-start=\"501\" data-end=\"537\">\r\n<p data-start=\"503\" data-end=\"537\"><strong data-start=\"503\" data-end=\"512\">10h00<\/strong> \u2013 Ouverture des portes<\/p>\r\n<\/li>\r\n<li data-start=\"538\" data-end=\"630\">\r\n<p data-start=\"540\" data-end=\"630\"><strong data-start=\"540\" data-end=\"549\">14h00<\/strong> \u2013 Conf\u00e9rence \u00ab Fission vs Fusion nucl\u00e9aire \u00bb anim\u00e9e par le youtubeur <strong data-start=\"619\" data-end=\"628\">Obiyann<\/strong><\/p>\r\n<\/li>\r\n<li data-start=\"631\" data-end=\"727\">\r\n<p data-start=\"633\" data-end=\"727\"><strong data-start=\"633\" data-end=\"642\">15h00<\/strong> \u2013 D\u00e9monstration de Kung-Fu, Tai-Chi et Qi Gong par <strong data-start=\"694\" data-end=\"725\">l\u2019\u00e9cole de Kung-Fu de Brest<\/strong><\/p>\r\n<\/li>\r\n<li data-start=\"728\" data-end=\"798\">\r\n<p data-start=\"730\" data-end=\"798\"><strong data-start=\"730\" data-end=\"739\">16h00<\/strong> \u2013 D\u00e9fil\u00e9 cosplay anim\u00e9 par l\u2019association <strong data-start=\"781\" data-end=\"796\">West Heroes<\/strong><\/p>\r\n<\/li>\r\n<li data-start=\"799\" data-end=\"834\">\r\n<p data-start=\"801\" data-end=\"834\"><strong data-start=\"801\" data-end=\"810\">18h00<\/strong> \u2013 Fermeture du festival<\/p>\r\n<\/li>\r\n<\/ul>\r\n","protected":false},"excerpt":{"rendered":"<p>\ud83c\udf89 Entr\u00e9e gratuite \u2013 \ud83c\udf54 Stand de restauration sur place Samedi 7 juin 2025 10h00 \u2013 Ouverture des portes 11h00 \u2013 D\u00e9monstration d\u2019A\u00efkido par l\u2019association Shun Fu Kan &#8211; LRK 14h30 \u2013 Table ronde avec les auteurs, anim\u00e9e par l\u2019association 29eme Dimension 16h00 \u2013 D\u00e9fil\u00e9 cosplay anim\u00e9 par l\u2019association West Heroes 19h00 \u2013 Fermeture de<a class=\"more-link\" href=\"https:\/\/breizh-ty-geek.fr\/index.php\/programmes\/\">Lire la suite <span class=\"meta-nav\">&rarr;<\/span><\/a><\/p>\n","protected":false},"author":1,"featured_media":0,"parent":0,"menu_order":0,"comment_status":"closed","ping_status":"closed","template":"","meta":{"footnotes":""},"class_list":["post-70","page","type-page","status-publish","hentry"],"_links":{"self":[{"href":"https:\/\/breizh-ty-geek.fr\/index.php\/wp-json\/wp\/v2\/pages\/70","targetHints":{"allow":["GET"]}}],"collection":[{"href":"https:\/\/breizh-ty-geek.fr\/index.php\/wp-json\/wp\/v2\/pages"}],"about":[{"href":"https:\/\/breizh-ty-geek.fr\/index.php\/wp-json\/wp\/v2\/types\/page"}],"author":[{"embeddable":true,"href":"https:\/\/breizh-ty-geek.fr\/index.php\/wp-json\/wp\/v2\/users\/1"}],"replies":[{"embeddable":true,"href":"https:\/\/breizh-ty-geek.fr\/index.php\/wp-json\/wp\/v2\/comments?post=70"}],"version-history":[{"count":29,"href":"https:\/\/breizh-ty-geek.fr\/index.php\/wp-json\/wp\/v2\/pages\/70\/revisions"}],"predecessor-version":[{"id":1017,"href":"https:\/\/breizh-ty-geek.fr\/index.php\/wp-json\/wp\/v2\/pages\/70\/revisions\/1017"}],"wp:attachment":[{"href":"https:\/\/breizh-ty-geek.fr\/index.php\/wp-json\/wp\/v2\/media?parent=70"}],"curies":[{"name":"wp","href":"https:\/\/api.w.org\/{rel}","templated":true}]}}